{"id":188,"date":"2020-07-18T17:03:17","date_gmt":"2020-07-18T17:03:17","guid":{"rendered":"https:\/\/carmen-jane.es\/web\/?page_id=188"},"modified":"2022-04-20T10:44:51","modified_gmt":"2022-04-20T10:44:51","slug":"carmen-jane-2","status":"publish","type":"page","link":"https:\/\/carmen-jane.es\/web\/carmen-jane-2\/","title":{"rendered":"Qui\u00e9n soy"},"content":{"rendered":"\n<div class=\"wp-block-columns is-layout-flex wp-container-core-columns-is-layout-1 wp-block-columns-is-layout-flex\">\n<div class=\"wp-block-column is-layout-flow wp-block-column-is-layout-flow\" style=\"flex-basis:33.33%\"><div class=\"wp-block-image\">\n<figure class=\"aligncenter size-large is-resized\"><img loading=\"lazy\" decoding=\"async\" src=\"https:\/\/carmen-jane.es\/web\/wp-content\/uploads\/2020\/06\/IMG_6896-768x1024.jpeg\" alt=\"\" class=\"wp-image-35\" width=\"180\" height=\"240\" srcset=\"https:\/\/carmen-jane.es\/web\/wp-content\/uploads\/2020\/06\/IMG_6896-768x1024.jpeg 768w, https:\/\/carmen-jane.es\/web\/wp-content\/uploads\/2020\/06\/IMG_6896-225x300.jpeg 225w, https:\/\/carmen-jane.es\/web\/wp-content\/uploads\/2020\/06\/IMG_6896-1152x1536.jpeg 1152w, https:\/\/carmen-jane.es\/web\/wp-content\/uploads\/2020\/06\/IMG_6896-1536x2048.jpeg 1536w, https:\/\/carmen-jane.es\/web\/wp-content\/uploads\/2020\/06\/IMG_6896-1200x1600.jpeg 1200w, https:\/\/carmen-jane.es\/web\/wp-content\/uploads\/2020\/06\/IMG_6896-1980x2640.jpeg 1980w, https:\/\/carmen-jane.es\/web\/wp-content\/uploads\/2020\/06\/IMG_6896-scaled.jpeg 1920w\" sizes=\"auto, (max-width: 180px) 100vw, 180px\" \/><\/figure><\/div><\/div>\n\n\n\n<div class=\"wp-block-column is-layout-flow wp-block-column-is-layout-flow\" style=\"flex-basis:66.66%\">\n<p>Soy Carmen Jan\u00e9, periodista. Utilizo elearning y sus posibilidades para la transformaci\u00f3n digital.<\/p>\n\n\n\n<p>Trabajo en El Peri\u00f3dico y me gusta escribir sobre <a rel=\"noreferrer noopener\" href=\"https:\/\/www.elperiodico.com\/es\/autor\/carmen-jane-1350\" target=\"_blank\">c\u00f3mo la tecnolog\u00eda impacta en las personas.<\/a><\/p>\n\n\n\n<p>Estoy desarrollando cursos online de periodismo, que puedes ver en&nbsp;<a href=\"https:\/\/carmen-jane.es\/aulaperiodico\/\">Aula Peri\u00f3dico<\/a>.<\/p>\n<\/div>\n<\/div>\n\n\n\n<p>Y he escrito varios blogs, desde&nbsp;<a href=\"https:\/\/carmenshopping.blogspot.com\/\">Carmen Shopping Guide<\/a>, uno de los primeros sobre rutas de moda, a <a rel=\"noreferrer noopener\" href=\"https:\/\/gadwoman.com\" target=\"_blank\">Gadwoman<\/a>, que fund\u00e9 con To\u00f1i Herrero para animar a las mujeres a adentrarse en la tecnolog\u00eda. <\/p>\n\n\n\n<p>Tambi\u00e9n fui editora de libros, fil\u00f3loga y profesora.<\/p>\n\n\n\n<p>Me puedes seguir en <a rel=\"noreferrer noopener\" href=\"https:\/\/twitter.com\/carmenjane\" target=\"_blank\">Twitter<\/a> y en <a rel=\"noreferrer noopener\" href=\"https:\/\/es.linkedin.com\/in\/carmenjane1\" target=\"_blank\">Linkedin<\/a>. <\/p>\n\n\n\n<p><\/p>\n\n\n\n<p>Y este es mi perfil en la&nbsp;<a href=\"https:\/\/ca.wikipedia.org\/wiki\/Carmen_Jan%C3%A9\">Viquip\u00e8dia<\/a><\/p>\n\n\n\n<p><\/p>\n","protected":false},"excerpt":{"rendered":"<p>Soy Carmen Jan\u00e9, periodista. Utilizo elearning y sus posibilidades para la transformaci\u00f3n digital. Trabajo en El Peri\u00f3dico y me gusta escribir sobre c\u00f3mo la tecnolog\u00eda impacta en las personas. Estoy desarrollando cursos online de periodismo, que puedes ver en&nbsp;Aula Peri\u00f3dico.<\/p>\n","protected":false},"author":1,"featured_media":0,"parent":0,"menu_order":0,"comment_status":"closed","ping_status":"closed","template":"","meta":{"footnotes":""},"class_list":["post-188","page","type-page","status-publish","hentry"],"yoast_head":"<!-- This site is optimized with the Yoast SEO plugin v24.1 - https:\/\/yoast.com\/wordpress\/plugins\/seo\/ -->\n<title>Qui\u00e9n soy - Carmen Jan\u00e9<\/title>\n<meta name=\"robots\" content=\"index, follow, max-snippet:-1, max-image-preview:large, max-video-preview:-1\" \/>\n<link rel=\"canonical\" href=\"https:\/\/carmen-jane.es\/web\/carmen-jane-2\/\" \/>\n<meta property=\"og:locale\" content=\"es_ES\" \/>\n<meta property=\"og:type\" content=\"article\" \/>\n<meta property=\"og:title\" content=\"Qui\u00e9n soy - Carmen Jan\u00e9\" \/>\n<meta property=\"og:description\" content=\"Soy Carmen Jan\u00e9, periodista. Utilizo elearning y sus posibilidades para la transformaci\u00f3n digital. Trabajo en El Peri\u00f3dico y me gusta escribir sobre c\u00f3mo la tecnolog\u00eda impacta en las personas. Estoy desarrollando cursos online de periodismo, que puedes ver en&nbsp;Aula Peri\u00f3dico.\" \/>\n<meta property=\"og:url\" content=\"https:\/\/carmen-jane.es\/web\/carmen-jane-2\/\" \/>\n<meta property=\"og:site_name\" content=\"Carmen Jan\u00e9\" \/>\n<meta property=\"article:modified_time\" content=\"2022-04-20T10:44:51+00:00\" \/>\n<meta property=\"og:image\" content=\"https:\/\/carmen-jane.es\/web\/wp-content\/uploads\/2020\/06\/IMG_6896-768x1024.jpeg\" \/>\n<meta name=\"twitter:card\" content=\"summary_large_image\" \/>\n<meta name=\"twitter:label1\" content=\"Tiempo de lectura\" \/>\n\t<meta name=\"twitter:data1\" content=\"1 minuto\" \/>\n<script type=\"application\/ld+json\" class=\"yoast-schema-graph\">{\"@context\":\"https:\/\/schema.org\",\"@graph\":[{\"@type\":\"WebPage\",\"@id\":\"https:\/\/carmen-jane.es\/web\/carmen-jane-2\/\",\"url\":\"https:\/\/carmen-jane.es\/web\/carmen-jane-2\/\",\"name\":\"Qui\u00e9n soy - Carmen Jan\u00e9\",\"isPartOf\":{\"@id\":\"https:\/\/carmen-jane.es\/web\/#website\"},\"primaryImageOfPage\":{\"@id\":\"https:\/\/carmen-jane.es\/web\/carmen-jane-2\/#primaryimage\"},\"image\":{\"@id\":\"https:\/\/carmen-jane.es\/web\/carmen-jane-2\/#primaryimage\"},\"thumbnailUrl\":\"https:\/\/carmen-jane.es\/web\/wp-content\/uploads\/2020\/06\/IMG_6896-768x1024.jpeg\",\"datePublished\":\"2020-07-18T17:03:17+00:00\",\"dateModified\":\"2022-04-20T10:44:51+00:00\",\"breadcrumb\":{\"@id\":\"https:\/\/carmen-jane.es\/web\/carmen-jane-2\/#breadcrumb\"},\"inLanguage\":\"es\",\"potentialAction\":[{\"@type\":\"ReadAction\",\"target\":[\"https:\/\/carmen-jane.es\/web\/carmen-jane-2\/\"]}]},{\"@type\":\"ImageObject\",\"inLanguage\":\"es\",\"@id\":\"https:\/\/carmen-jane.es\/web\/carmen-jane-2\/#primaryimage\",\"url\":\"https:\/\/carmen-jane.es\/web\/wp-content\/uploads\/2020\/06\/IMG_6896-768x1024.jpeg\",\"contentUrl\":\"https:\/\/carmen-jane.es\/web\/wp-content\/uploads\/2020\/06\/IMG_6896-768x1024.jpeg\"},{\"@type\":\"BreadcrumbList\",\"@id\":\"https:\/\/carmen-jane.es\/web\/carmen-jane-2\/#breadcrumb\",\"itemListElement\":[{\"@type\":\"ListItem\",\"position\":1,\"name\":\"Portada\",\"item\":\"https:\/\/carmen-jane.es\/web\/\"},{\"@type\":\"ListItem\",\"position\":2,\"name\":\"Qui\u00e9n soy\"}]},{\"@type\":\"WebSite\",\"@id\":\"https:\/\/carmen-jane.es\/web\/#website\",\"url\":\"https:\/\/carmen-jane.es\/web\/\",\"name\":\"Carmen Jan\u00e9\",\"description\":\"Periodismo, comunicaci\u00f3n y e-learning\",\"potentialAction\":[{\"@type\":\"SearchAction\",\"target\":{\"@type\":\"EntryPoint\",\"urlTemplate\":\"https:\/\/carmen-jane.es\/web\/?s={search_term_string}\"},\"query-input\":{\"@type\":\"PropertyValueSpecification\",\"valueRequired\":true,\"valueName\":\"search_term_string\"}}],\"inLanguage\":\"es\"}]}<\/script>\n<!-- \/ Yoast SEO plugin. -->","yoast_head_json":{"title":"Qui\u00e9n soy - Carmen Jan\u00e9","robots":{"index":"index","follow":"follow","max-snippet":"max-snippet:-1","max-image-preview":"max-image-preview:large","max-video-preview":"max-video-preview:-1"},"canonical":"https:\/\/carmen-jane.es\/web\/carmen-jane-2\/","og_locale":"es_ES","og_type":"article","og_title":"Qui\u00e9n soy - Carmen Jan\u00e9","og_description":"Soy Carmen Jan\u00e9, periodista. Utilizo elearning y sus posibilidades para la transformaci\u00f3n digital. Trabajo en El Peri\u00f3dico y me gusta escribir sobre c\u00f3mo la tecnolog\u00eda impacta en las personas. Estoy desarrollando cursos online de periodismo, que puedes ver en&nbsp;Aula Peri\u00f3dico.","og_url":"https:\/\/carmen-jane.es\/web\/carmen-jane-2\/","og_site_name":"Carmen Jan\u00e9","article_modified_time":"2022-04-20T10:44:51+00:00","og_image":[{"url":"https:\/\/carmen-jane.es\/web\/wp-content\/uploads\/2020\/06\/IMG_6896-768x1024.jpeg","type":"","width":"","height":""}],"twitter_card":"summary_large_image","twitter_misc":{"Tiempo de lectura":"1 minuto"},"schema":{"@context":"https:\/\/schema.org","@graph":[{"@type":"WebPage","@id":"https:\/\/carmen-jane.es\/web\/carmen-jane-2\/","url":"https:\/\/carmen-jane.es\/web\/carmen-jane-2\/","name":"Qui\u00e9n soy - Carmen Jan\u00e9","isPartOf":{"@id":"https:\/\/carmen-jane.es\/web\/#website"},"primaryImageOfPage":{"@id":"https:\/\/carmen-jane.es\/web\/carmen-jane-2\/#primaryimage"},"image":{"@id":"https:\/\/carmen-jane.es\/web\/carmen-jane-2\/#primaryimage"},"thumbnailUrl":"https:\/\/carmen-jane.es\/web\/wp-content\/uploads\/2020\/06\/IMG_6896-768x1024.jpeg","datePublished":"2020-07-18T17:03:17+00:00","dateModified":"2022-04-20T10:44:51+00:00","breadcrumb":{"@id":"https:\/\/carmen-jane.es\/web\/carmen-jane-2\/#breadcrumb"},"inLanguage":"es","potentialAction":[{"@type":"ReadAction","target":["https:\/\/carmen-jane.es\/web\/carmen-jane-2\/"]}]},{"@type":"ImageObject","inLanguage":"es","@id":"https:\/\/carmen-jane.es\/web\/carmen-jane-2\/#primaryimage","url":"https:\/\/carmen-jane.es\/web\/wp-content\/uploads\/2020\/06\/IMG_6896-768x1024.jpeg","contentUrl":"https:\/\/carmen-jane.es\/web\/wp-content\/uploads\/2020\/06\/IMG_6896-768x1024.jpeg"},{"@type":"BreadcrumbList","@id":"https:\/\/carmen-jane.es\/web\/carmen-jane-2\/#breadcrumb","itemListElement":[{"@type":"ListItem","position":1,"name":"Portada","item":"https:\/\/carmen-jane.es\/web\/"},{"@type":"ListItem","position":2,"name":"Qui\u00e9n soy"}]},{"@type":"WebSite","@id":"https:\/\/carmen-jane.es\/web\/#website","url":"https:\/\/carmen-jane.es\/web\/","name":"Carmen Jan\u00e9","description":"Periodismo, comunicaci\u00f3n y e-learning","potentialAction":[{"@type":"SearchAction","target":{"@type":"EntryPoint","urlTemplate":"https:\/\/carmen-jane.es\/web\/?s={search_term_string}"},"query-input":{"@type":"PropertyValueSpecification","valueRequired":true,"valueName":"search_term_string"}}],"inLanguage":"es"}]}},"jetpack_sharing_enabled":true,"_links":{"self":[{"href":"https:\/\/carmen-jane.es\/web\/wp-json\/wp\/v2\/pages\/188","targetHints":{"allow":["GET"]}}],"collection":[{"href":"https:\/\/carmen-jane.es\/web\/wp-json\/wp\/v2\/pages"}],"about":[{"href":"https:\/\/carmen-jane.es\/web\/wp-json\/wp\/v2\/types\/page"}],"author":[{"embeddable":true,"href":"https:\/\/carmen-jane.es\/web\/wp-json\/wp\/v2\/users\/1"}],"replies":[{"embeddable":true,"href":"https:\/\/carmen-jane.es\/web\/wp-json\/wp\/v2\/comments?post=188"}],"version-history":[{"count":5,"href":"https:\/\/carmen-jane.es\/web\/wp-json\/wp\/v2\/pages\/188\/revisions"}],"predecessor-version":[{"id":215,"href":"https:\/\/carmen-jane.es\/web\/wp-json\/wp\/v2\/pages\/188\/revisions\/215"}],"wp:attachment":[{"href":"https:\/\/carmen-jane.es\/web\/wp-json\/wp\/v2\/media?parent=188"}],"curies":[{"name":"wp","href":"https:\/\/api.w.org\/{rel}","templated":true}]}}