{"id":186,"date":"2020-07-18T17:01:29","date_gmt":"2020-07-18T17:01:29","guid":{"rendered":"https:\/\/carmen-jane.es\/web\/?page_id=186"},"modified":"2022-04-20T10:44:18","modified_gmt":"2022-04-20T10:44:18","slug":"gadwoman-2","status":"publish","type":"page","link":"https:\/\/carmen-jane.es\/web\/gadwoman-2\/","title":{"rendered":"Gadwoman"},"content":{"rendered":"\n<figure class=\"wp-block-image size-large is-resized is-style-default\"><img loading=\"lazy\" decoding=\"async\" src=\"https:\/\/carmen-jane.es\/web\/wp-content\/uploads\/2020\/06\/cabeGadwoman.jpg\" alt=\"\" class=\"wp-image-88\" width=\"930\" height=\"581\" srcset=\"https:\/\/carmen-jane.es\/web\/wp-content\/uploads\/2020\/06\/cabeGadwoman.jpg 640w, https:\/\/carmen-jane.es\/web\/wp-content\/uploads\/2020\/06\/cabeGadwoman-300x188.jpg 300w, https:\/\/carmen-jane.es\/web\/wp-content\/uploads\/2020\/06\/cabeGadwoman-560x350.jpg 560w\" sizes=\"auto, (max-width: 930px) 100vw, 930px\" \/><\/figure>\n\n\n\n<p><a rel=\"noreferrer noopener\" href=\"https:\/\/gadwoman.com\" target=\"_blank\">Gadwoman<\/a> es un proyecto que inici\u00e9 con To\u00f1i Herrero en el 2011 para acercar la tecnolog\u00eda a las mujeres. Explicado ahora puede sonar incluso machista, pero en aquel momento parec\u00eda tener bastante sentido. Quer\u00edamos desmontar el t\u00f3pico de que la tecnolog\u00eda era cosa de hombres y de que a las mujeres les causaba repel\u00fas, y que pod\u00edamos crear un p\u00e1gina de mujeres para mujeres. <\/p>\n\n\n\n<pre class=\"wp-block-verse\">Creamos una web, con aspiraciones de comunidad, que intentaba demostrar por qu\u00e9 la tecnolog\u00eda es parte de la vida para cualquier persona y relacionarlo con las partes m\u00e1s pr\u00e1cticas. No quedarnos en un cat\u00e1logo de hardware, sino en qu\u00e9 aporta cada aparato o cada aplicaci\u00f3n a necesidades concretas de las mujeres profesionales. <\/pre>\n\n\n\n<p>Tuvimos cierto \u00e9xito, hicimos algunos art\u00edculos muy comentados, llegamos a bastantes visitas y siempre nos ped\u00edan m\u00e1s. Hemos hecho colaboraciones estables con nuestra marca con Hogar \u00fatil, la web de Karlos Argui\u00f1ano, y la revista Hola. <\/p>\n\n\n\n<p>Hablaron de nosotras incluso bien y hasta nos dieron un premio: <a href=\"https:\/\/gadwoman.com\/2016\/12\/la-generalitat-catalunya-destaca-labor-divulgacion-gadwoman\/\">el accesit a las mejores comunicadoras en tecnolog\u00eda Dona Tic 2016<\/a>. Dicho as\u00ed a alguien un accesit le puede sonar a poco, pero si el premio principal se lo lleva Therese Jamaa, directora general de GSMA para la Mobile World Capital, es un aut\u00e9ntico honor. Y as\u00ed lo recibimos.<\/p>\n\n\n\n<pre class=\"wp-block-verse\">Pero creo que el mayor acierto de Gadwoman fue insistir en la relaci\u00f3n entre mujeres y tecnolog\u00eda, plantear por qu\u00e9 las chicas no optaban por carreras tecnol\u00f3gicas, por qu\u00e9 cuando la creamos era 'cool' decir que no te interesaba y no quer\u00edas saber nada de ella. Ahora a nadie se le ocurre una frase as\u00ed si no quiere ser tachada de lerda y las mujeres comienzan a tomar las facultades t\u00e9cnicas.<\/pre>\n\n\n\n<p>El m\u00f3vil es ya \u00abla habitaci\u00f3n propia\u00bb, y Gadwoman quiere ser la revista de cabecera de ese espacio.<\/p>\n\n\n\n<p>Pero Gadwoman fue tambi\u00e9n un aprendizaje de c\u00f3mo desarrollar un proyecto, crear y mantener una web, dominar WordPress, SEO, redes sociales y un plan de contenidos&#8230; Con aciertos y errores. Una aventura que todav\u00eda nos fascina, aunque lo tengamos aparcado. <\/p>\n\n\n\n<p>Eva Dom\u00ednguez lo cont\u00f3 muy bien en <a rel=\"noreferrer noopener\" href=\"https:\/\/www.amazon.es\/Microperiodismos-Aventuras-digitales-tiempos-ebook\/dp\/B00AUJ7B3U\/ref=sr_1_1?ie=UTF8&amp;qid=1356892102&amp;sr=8-1\" target=\"_blank\">Microperiodismos II<\/a>.<\/p>\n\n\n\n<figure class=\"wp-block-embed-amazon-kindle wp-block-embed is-type-rich is-provider-amazon\"><div class=\"wp-block-embed__wrapper\">\n<iframe loading=\"lazy\" title=\"Microperiodismos II. Aventuras digitales en tiempos de crisis\" type=\"text\/html\" width=\"1081\" height=\"550\" frameborder=\"0\" allowfullscreen style=\"max-width:100%\" src=\"https:\/\/leer.amazon.es\/kp\/card?preview=inline&#038;linkCode=kpd&#038;ref_=k4w_oembed_SCYMgQZkcMHeEq&#038;asin=B00AUJ7B3U&#038;tag=kpembed-20\"><\/iframe>\n<\/div><\/figure>\n\n\n\n<p><\/p>\n","protected":false},"excerpt":{"rendered":"<p>Gadwoman es un proyecto que inici\u00e9 con To\u00f1i Herrero en el 2011 para acercar la tecnolog\u00eda a las mujeres. Explicado ahora puede sonar incluso machista, pero en aquel momento parec\u00eda tener bastante sentido. Quer\u00edamos desmontar el t\u00f3pico de que la tecnolog\u00eda era cosa de hombres y de que a las &hellip;<\/p>\n","protected":false},"author":1,"featured_media":0,"parent":0,"menu_order":0,"comment_status":"closed","ping_status":"closed","template":"","meta":{"footnotes":""},"class_list":["post-186","page","type-page","status-publish","hentry"],"yoast_head":"<!-- This site is optimized with the Yoast SEO plugin v24.1 - https:\/\/yoast.com\/wordpress\/plugins\/seo\/ -->\n<title>Gadwoman - Carmen Jan\u00e9<\/title>\n<meta name=\"robots\" content=\"index, follow, max-snippet:-1, max-image-preview:large, max-video-preview:-1\" \/>\n<link rel=\"canonical\" href=\"https:\/\/carmen-jane.es\/web\/gadwoman-2\/\" \/>\n<meta property=\"og:locale\" content=\"es_ES\" \/>\n<meta property=\"og:type\" content=\"article\" \/>\n<meta property=\"og:title\" content=\"Gadwoman - Carmen Jan\u00e9\" \/>\n<meta property=\"og:description\" content=\"Gadwoman es un proyecto que inici\u00e9 con To\u00f1i Herrero en el 2011 para acercar la tecnolog\u00eda a las mujeres. Explicado ahora puede sonar incluso machista, pero en aquel momento parec\u00eda tener bastante sentido. Quer\u00edamos desmontar el t\u00f3pico de que la tecnolog\u00eda era cosa de hombres y de que a las &hellip;\" \/>\n<meta property=\"og:url\" content=\"https:\/\/carmen-jane.es\/web\/gadwoman-2\/\" \/>\n<meta property=\"og:site_name\" content=\"Carmen Jan\u00e9\" \/>\n<meta property=\"article:modified_time\" content=\"2022-04-20T10:44:18+00:00\" \/>\n<meta property=\"og:image\" content=\"https:\/\/carmen-jane.es\/web\/wp-content\/uploads\/2020\/06\/cabeGadwoman.jpg\" \/>\n<meta name=\"twitter:card\" content=\"summary_large_image\" \/>\n<meta name=\"twitter:label1\" content=\"Tiempo de lectura\" \/>\n\t<meta name=\"twitter:data1\" content=\"2 minutos\" \/>\n<script type=\"application\/ld+json\" class=\"yoast-schema-graph\">{\"@context\":\"https:\/\/schema.org\",\"@graph\":[{\"@type\":\"WebPage\",\"@id\":\"https:\/\/carmen-jane.es\/web\/gadwoman-2\/\",\"url\":\"https:\/\/carmen-jane.es\/web\/gadwoman-2\/\",\"name\":\"Gadwoman - Carmen Jan\u00e9\",\"isPartOf\":{\"@id\":\"https:\/\/carmen-jane.es\/web\/#website\"},\"primaryImageOfPage\":{\"@id\":\"https:\/\/carmen-jane.es\/web\/gadwoman-2\/#primaryimage\"},\"image\":{\"@id\":\"https:\/\/carmen-jane.es\/web\/gadwoman-2\/#primaryimage\"},\"thumbnailUrl\":\"https:\/\/carmen-jane.es\/web\/wp-content\/uploads\/2020\/06\/cabeGadwoman.jpg\",\"datePublished\":\"2020-07-18T17:01:29+00:00\",\"dateModified\":\"2022-04-20T10:44:18+00:00\",\"breadcrumb\":{\"@id\":\"https:\/\/carmen-jane.es\/web\/gadwoman-2\/#breadcrumb\"},\"inLanguage\":\"es\",\"potentialAction\":[{\"@type\":\"ReadAction\",\"target\":[\"https:\/\/carmen-jane.es\/web\/gadwoman-2\/\"]}]},{\"@type\":\"ImageObject\",\"inLanguage\":\"es\",\"@id\":\"https:\/\/carmen-jane.es\/web\/gadwoman-2\/#primaryimage\",\"url\":\"https:\/\/carmen-jane.es\/web\/wp-content\/uploads\/2020\/06\/cabeGadwoman.jpg\",\"contentUrl\":\"https:\/\/carmen-jane.es\/web\/wp-content\/uploads\/2020\/06\/cabeGadwoman.jpg\",\"width\":640,\"height\":400},{\"@type\":\"BreadcrumbList\",\"@id\":\"https:\/\/carmen-jane.es\/web\/gadwoman-2\/#breadcrumb\",\"itemListElement\":[{\"@type\":\"ListItem\",\"position\":1,\"name\":\"Portada\",\"item\":\"https:\/\/carmen-jane.es\/web\/\"},{\"@type\":\"ListItem\",\"position\":2,\"name\":\"Gadwoman\"}]},{\"@type\":\"WebSite\",\"@id\":\"https:\/\/carmen-jane.es\/web\/#website\",\"url\":\"https:\/\/carmen-jane.es\/web\/\",\"name\":\"Carmen Jan\u00e9\",\"description\":\"Periodismo, comunicaci\u00f3n y e-learning\",\"potentialAction\":[{\"@type\":\"SearchAction\",\"target\":{\"@type\":\"EntryPoint\",\"urlTemplate\":\"https:\/\/carmen-jane.es\/web\/?s={search_term_string}\"},\"query-input\":{\"@type\":\"PropertyValueSpecification\",\"valueRequired\":true,\"valueName\":\"search_term_string\"}}],\"inLanguage\":\"es\"}]}<\/script>\n<!-- \/ Yoast SEO plugin. -->","yoast_head_json":{"title":"Gadwoman - Carmen Jan\u00e9","robots":{"index":"index","follow":"follow","max-snippet":"max-snippet:-1","max-image-preview":"max-image-preview:large","max-video-preview":"max-video-preview:-1"},"canonical":"https:\/\/carmen-jane.es\/web\/gadwoman-2\/","og_locale":"es_ES","og_type":"article","og_title":"Gadwoman - Carmen Jan\u00e9","og_description":"Gadwoman es un proyecto que inici\u00e9 con To\u00f1i Herrero en el 2011 para acercar la tecnolog\u00eda a las mujeres. Explicado ahora puede sonar incluso machista, pero en aquel momento parec\u00eda tener bastante sentido. Quer\u00edamos desmontar el t\u00f3pico de que la tecnolog\u00eda era cosa de hombres y de que a las &hellip;","og_url":"https:\/\/carmen-jane.es\/web\/gadwoman-2\/","og_site_name":"Carmen Jan\u00e9","article_modified_time":"2022-04-20T10:44:18+00:00","og_image":[{"url":"https:\/\/carmen-jane.es\/web\/wp-content\/uploads\/2020\/06\/cabeGadwoman.jpg","type":"","width":"","height":""}],"twitter_card":"summary_large_image","twitter_misc":{"Tiempo de lectura":"2 minutos"},"schema":{"@context":"https:\/\/schema.org","@graph":[{"@type":"WebPage","@id":"https:\/\/carmen-jane.es\/web\/gadwoman-2\/","url":"https:\/\/carmen-jane.es\/web\/gadwoman-2\/","name":"Gadwoman - Carmen Jan\u00e9","isPartOf":{"@id":"https:\/\/carmen-jane.es\/web\/#website"},"primaryImageOfPage":{"@id":"https:\/\/carmen-jane.es\/web\/gadwoman-2\/#primaryimage"},"image":{"@id":"https:\/\/carmen-jane.es\/web\/gadwoman-2\/#primaryimage"},"thumbnailUrl":"https:\/\/carmen-jane.es\/web\/wp-content\/uploads\/2020\/06\/cabeGadwoman.jpg","datePublished":"2020-07-18T17:01:29+00:00","dateModified":"2022-04-20T10:44:18+00:00","breadcrumb":{"@id":"https:\/\/carmen-jane.es\/web\/gadwoman-2\/#breadcrumb"},"inLanguage":"es","potentialAction":[{"@type":"ReadAction","target":["https:\/\/carmen-jane.es\/web\/gadwoman-2\/"]}]},{"@type":"ImageObject","inLanguage":"es","@id":"https:\/\/carmen-jane.es\/web\/gadwoman-2\/#primaryimage","url":"https:\/\/carmen-jane.es\/web\/wp-content\/uploads\/2020\/06\/cabeGadwoman.jpg","contentUrl":"https:\/\/carmen-jane.es\/web\/wp-content\/uploads\/2020\/06\/cabeGadwoman.jpg","width":640,"height":400},{"@type":"BreadcrumbList","@id":"https:\/\/carmen-jane.es\/web\/gadwoman-2\/#breadcrumb","itemListElement":[{"@type":"ListItem","position":1,"name":"Portada","item":"https:\/\/carmen-jane.es\/web\/"},{"@type":"ListItem","position":2,"name":"Gadwoman"}]},{"@type":"WebSite","@id":"https:\/\/carmen-jane.es\/web\/#website","url":"https:\/\/carmen-jane.es\/web\/","name":"Carmen Jan\u00e9","description":"Periodismo, comunicaci\u00f3n y e-learning","potentialAction":[{"@type":"SearchAction","target":{"@type":"EntryPoint","urlTemplate":"https:\/\/carmen-jane.es\/web\/?s={search_term_string}"},"query-input":{"@type":"PropertyValueSpecification","valueRequired":true,"valueName":"search_term_string"}}],"inLanguage":"es"}]}},"jetpack_sharing_enabled":true,"_links":{"self":[{"href":"https:\/\/carmen-jane.es\/web\/wp-json\/wp\/v2\/pages\/186","targetHints":{"allow":["GET"]}}],"collection":[{"href":"https:\/\/carmen-jane.es\/web\/wp-json\/wp\/v2\/pages"}],"about":[{"href":"https:\/\/carmen-jane.es\/web\/wp-json\/wp\/v2\/types\/page"}],"author":[{"embeddable":true,"href":"https:\/\/carmen-jane.es\/web\/wp-json\/wp\/v2\/users\/1"}],"replies":[{"embeddable":true,"href":"https:\/\/carmen-jane.es\/web\/wp-json\/wp\/v2\/comments?post=186"}],"version-history":[{"count":2,"href":"https:\/\/carmen-jane.es\/web\/wp-json\/wp\/v2\/pages\/186\/revisions"}],"predecessor-version":[{"id":213,"href":"https:\/\/carmen-jane.es\/web\/wp-json\/wp\/v2\/pages\/186\/revisions\/213"}],"wp:attachment":[{"href":"https:\/\/carmen-jane.es\/web\/wp-json\/wp\/v2\/media?parent=186"}],"curies":[{"name":"wp","href":"https:\/\/api.w.org\/{rel}","templated":true}]}}