{"id":184,"date":"2020-07-18T17:00:46","date_gmt":"2020-07-18T17:00:46","guid":{"rendered":"https:\/\/carmen-jane.es\/web\/?page_id=184"},"modified":"2022-04-20T10:42:43","modified_gmt":"2022-04-20T10:42:43","slug":"el-periodico-2","status":"publish","type":"page","link":"https:\/\/carmen-jane.es\/web\/el-periodico-2\/","title":{"rendered":"El Peri\u00f3dico"},"content":{"rendered":"\n<figure class=\"wp-block-image size-large is-style-default\"><img loading=\"lazy\" decoding=\"async\" width=\"1024\" height=\"765\" src=\"https:\/\/carmen-jane.es\/web\/wp-content\/uploads\/2020\/07\/carmen-apple-1024x765.jpg\" alt=\"\" class=\"wp-image-166\" srcset=\"https:\/\/carmen-jane.es\/web\/wp-content\/uploads\/2020\/07\/carmen-apple-1024x765.jpg 1024w, https:\/\/carmen-jane.es\/web\/wp-content\/uploads\/2020\/07\/carmen-apple-300x224.jpg 300w, https:\/\/carmen-jane.es\/web\/wp-content\/uploads\/2020\/07\/carmen-apple-768x574.jpg 768w, https:\/\/carmen-jane.es\/web\/wp-content\/uploads\/2020\/07\/carmen-apple-1536x1147.jpg 1536w, https:\/\/carmen-jane.es\/web\/wp-content\/uploads\/2020\/07\/carmen-apple-2048x1530.jpg 2048w, https:\/\/carmen-jane.es\/web\/wp-content\/uploads\/2020\/07\/carmen-apple-469x350.jpg 469w\" sizes=\"auto, (max-width: 1024px) 100vw, 1024px\" \/><figcaption>En la inauguraci\u00f3n de la Apple Store de plaza Catalunya.<\/figcaption><\/figure>\n\n\n\n<p>Lo de El Peri\u00f3dico es una historia larga y como todas, complicada y con altibajos. Llegu\u00e9 al diario un d\u00eda de 1991, antes de la guerra de Irak y de los Juegos Ol\u00edmpicos de Barcelona. Iba de visita, pero fue entrar en aquella redacci\u00f3n y decidir que yo quer\u00eda trabajar all\u00ed. Y llevamos ya casi 30 a\u00f1os.<\/p>\n\n\n\n<p>Como periodista me lo han ense\u00f1ado todo. Bueno, all\u00ed y en la Facultad de Periodismo de la Universitat Pompeu Fabra, de la que pertenezco a la segunda promoci\u00f3n del grado. <\/p>\n\n\n\n<p>He pasado por Espect\u00e1culos, Televisi\u00f3n, Opini\u00f3n, Pol\u00edtica, Sociedad, Econom\u00eda, Suplementos y Online. <\/p>\n\n\n\n<p>Llev\u00e9 durante cinco a\u00f1os el suplemento Tecnolog\u00edas y redact\u00e9 el blog Tecnobloc. Hace m\u00e1s de 20 a\u00f1os que escribo de internet, gadgets, electr\u00f3nica, redes sociales, derechos de autor, publicidad digital y negocio digital.<\/p>\n\n\n\n<p>He cubierto ferias, presentaciones, congresos (el Mobile World Congress cada a\u00f1o desde Cannes) y he visto todo tipo de aparatos, proyectos, visitado centros de investigaci\u00f3n y hablado con las figuras m\u00e1s interesantes del sector, Steve Jobs, Bill Gates o Mark Zuckerberg incluidos.<\/p>\n\n\n\n<p>Me han dado premios, como el Accenture del 2007, y el accesit de la Agencia Espa\u00f1ola de Protecci\u00f3n de Datos 2013, pero, sobre todo, he conocido mucha gente interesante y he disfrutado mucho con mi trabajo. Esa ha sido la mejor recompensa.<\/p>\n\n\n\n<p>Actualmente, estoy en la secci\u00f3n de \u00daltima Hora, gestionando portada e informaciones de \u00faltima hora. Y cre\u00f3 cursos de elearning para periodistas del diario.<\/p>\n\n\n\n<p><\/p>\n","protected":false},"excerpt":{"rendered":"<p>Periodista vinculada a El Peri\u00f3dico de Catalunya desde los a\u00f1os 90, he trabajado en varias secciones y estoy especializada en internet y nuevas tecnolog\u00edas.<\/p>\n","protected":false},"author":1,"featured_media":0,"parent":0,"menu_order":0,"comment_status":"closed","ping_status":"closed","template":"","meta":{"footnotes":""},"class_list":["post-184","page","type-page","status-publish","hentry"],"yoast_head":"<!-- This site is optimized with the Yoast SEO plugin v24.1 - https:\/\/yoast.com\/wordpress\/plugins\/seo\/ -->\n<title>El Peri\u00f3dico - Carmen Jan\u00e9<\/title>\n<meta name=\"robots\" content=\"index, follow, max-snippet:-1, max-image-preview:large, max-video-preview:-1\" \/>\n<link rel=\"canonical\" href=\"https:\/\/carmen-jane.es\/web\/el-periodico-2\/\" \/>\n<meta property=\"og:locale\" content=\"es_ES\" \/>\n<meta property=\"og:type\" content=\"article\" \/>\n<meta property=\"og:title\" content=\"El Peri\u00f3dico - Carmen Jan\u00e9\" \/>\n<meta property=\"og:description\" content=\"Periodista vinculada a El Peri\u00f3dico de Catalunya desde los a\u00f1os 90, he trabajado en varias secciones y estoy especializada en internet y nuevas tecnolog\u00edas.\" \/>\n<meta property=\"og:url\" content=\"https:\/\/carmen-jane.es\/web\/el-periodico-2\/\" \/>\n<meta property=\"og:site_name\" content=\"Carmen Jan\u00e9\" \/>\n<meta property=\"article:modified_time\" content=\"2022-04-20T10:42:43+00:00\" \/>\n<meta property=\"og:image\" content=\"https:\/\/carmen-jane.es\/web\/wp-content\/uploads\/2020\/07\/carmen-apple-1024x765.jpg\" \/>\n<meta name=\"twitter:card\" content=\"summary_large_image\" \/>\n<meta name=\"twitter:label1\" content=\"Tiempo de lectura\" \/>\n\t<meta name=\"twitter:data1\" content=\"2 minutos\" \/>\n<script type=\"application\/ld+json\" class=\"yoast-schema-graph\">{\"@context\":\"https:\/\/schema.org\",\"@graph\":[{\"@type\":\"WebPage\",\"@id\":\"https:\/\/carmen-jane.es\/web\/el-periodico-2\/\",\"url\":\"https:\/\/carmen-jane.es\/web\/el-periodico-2\/\",\"name\":\"El Peri\u00f3dico - Carmen Jan\u00e9\",\"isPartOf\":{\"@id\":\"https:\/\/carmen-jane.es\/web\/#website\"},\"primaryImageOfPage\":{\"@id\":\"https:\/\/carmen-jane.es\/web\/el-periodico-2\/#primaryimage\"},\"image\":{\"@id\":\"https:\/\/carmen-jane.es\/web\/el-periodico-2\/#primaryimage\"},\"thumbnailUrl\":\"https:\/\/carmen-jane.es\/web\/wp-content\/uploads\/2020\/07\/carmen-apple-1024x765.jpg\",\"datePublished\":\"2020-07-18T17:00:46+00:00\",\"dateModified\":\"2022-04-20T10:42:43+00:00\",\"breadcrumb\":{\"@id\":\"https:\/\/carmen-jane.es\/web\/el-periodico-2\/#breadcrumb\"},\"inLanguage\":\"es\",\"potentialAction\":[{\"@type\":\"ReadAction\",\"target\":[\"https:\/\/carmen-jane.es\/web\/el-periodico-2\/\"]}]},{\"@type\":\"ImageObject\",\"inLanguage\":\"es\",\"@id\":\"https:\/\/carmen-jane.es\/web\/el-periodico-2\/#primaryimage\",\"url\":\"https:\/\/carmen-jane.es\/web\/wp-content\/uploads\/2020\/07\/carmen-apple-1024x765.jpg\",\"contentUrl\":\"https:\/\/carmen-jane.es\/web\/wp-content\/uploads\/2020\/07\/carmen-apple-1024x765.jpg\"},{\"@type\":\"BreadcrumbList\",\"@id\":\"https:\/\/carmen-jane.es\/web\/el-periodico-2\/#breadcrumb\",\"itemListElement\":[{\"@type\":\"ListItem\",\"position\":1,\"name\":\"Portada\",\"item\":\"https:\/\/carmen-jane.es\/web\/\"},{\"@type\":\"ListItem\",\"position\":2,\"name\":\"El Peri\u00f3dico\"}]},{\"@type\":\"WebSite\",\"@id\":\"https:\/\/carmen-jane.es\/web\/#website\",\"url\":\"https:\/\/carmen-jane.es\/web\/\",\"name\":\"Carmen Jan\u00e9\",\"description\":\"Periodismo, comunicaci\u00f3n y e-learning\",\"potentialAction\":[{\"@type\":\"SearchAction\",\"target\":{\"@type\":\"EntryPoint\",\"urlTemplate\":\"https:\/\/carmen-jane.es\/web\/?s={search_term_string}\"},\"query-input\":{\"@type\":\"PropertyValueSpecification\",\"valueRequired\":true,\"valueName\":\"search_term_string\"}}],\"inLanguage\":\"es\"}]}<\/script>\n<!-- \/ Yoast SEO plugin. -->","yoast_head_json":{"title":"El Peri\u00f3dico - Carmen Jan\u00e9","robots":{"index":"index","follow":"follow","max-snippet":"max-snippet:-1","max-image-preview":"max-image-preview:large","max-video-preview":"max-video-preview:-1"},"canonical":"https:\/\/carmen-jane.es\/web\/el-periodico-2\/","og_locale":"es_ES","og_type":"article","og_title":"El Peri\u00f3dico - Carmen Jan\u00e9","og_description":"Periodista vinculada a El Peri\u00f3dico de Catalunya desde los a\u00f1os 90, he trabajado en varias secciones y estoy especializada en internet y nuevas tecnolog\u00edas.","og_url":"https:\/\/carmen-jane.es\/web\/el-periodico-2\/","og_site_name":"Carmen Jan\u00e9","article_modified_time":"2022-04-20T10:42:43+00:00","og_image":[{"url":"https:\/\/carmen-jane.es\/web\/wp-content\/uploads\/2020\/07\/carmen-apple-1024x765.jpg","type":"","width":"","height":""}],"twitter_card":"summary_large_image","twitter_misc":{"Tiempo de lectura":"2 minutos"},"schema":{"@context":"https:\/\/schema.org","@graph":[{"@type":"WebPage","@id":"https:\/\/carmen-jane.es\/web\/el-periodico-2\/","url":"https:\/\/carmen-jane.es\/web\/el-periodico-2\/","name":"El Peri\u00f3dico - Carmen Jan\u00e9","isPartOf":{"@id":"https:\/\/carmen-jane.es\/web\/#website"},"primaryImageOfPage":{"@id":"https:\/\/carmen-jane.es\/web\/el-periodico-2\/#primaryimage"},"image":{"@id":"https:\/\/carmen-jane.es\/web\/el-periodico-2\/#primaryimage"},"thumbnailUrl":"https:\/\/carmen-jane.es\/web\/wp-content\/uploads\/2020\/07\/carmen-apple-1024x765.jpg","datePublished":"2020-07-18T17:00:46+00:00","dateModified":"2022-04-20T10:42:43+00:00","breadcrumb":{"@id":"https:\/\/carmen-jane.es\/web\/el-periodico-2\/#breadcrumb"},"inLanguage":"es","potentialAction":[{"@type":"ReadAction","target":["https:\/\/carmen-jane.es\/web\/el-periodico-2\/"]}]},{"@type":"ImageObject","inLanguage":"es","@id":"https:\/\/carmen-jane.es\/web\/el-periodico-2\/#primaryimage","url":"https:\/\/carmen-jane.es\/web\/wp-content\/uploads\/2020\/07\/carmen-apple-1024x765.jpg","contentUrl":"https:\/\/carmen-jane.es\/web\/wp-content\/uploads\/2020\/07\/carmen-apple-1024x765.jpg"},{"@type":"BreadcrumbList","@id":"https:\/\/carmen-jane.es\/web\/el-periodico-2\/#breadcrumb","itemListElement":[{"@type":"ListItem","position":1,"name":"Portada","item":"https:\/\/carmen-jane.es\/web\/"},{"@type":"ListItem","position":2,"name":"El Peri\u00f3dico"}]},{"@type":"WebSite","@id":"https:\/\/carmen-jane.es\/web\/#website","url":"https:\/\/carmen-jane.es\/web\/","name":"Carmen Jan\u00e9","description":"Periodismo, comunicaci\u00f3n y e-learning","potentialAction":[{"@type":"SearchAction","target":{"@type":"EntryPoint","urlTemplate":"https:\/\/carmen-jane.es\/web\/?s={search_term_string}"},"query-input":{"@type":"PropertyValueSpecification","valueRequired":true,"valueName":"search_term_string"}}],"inLanguage":"es"}]}},"jetpack_sharing_enabled":true,"_links":{"self":[{"href":"https:\/\/carmen-jane.es\/web\/wp-json\/wp\/v2\/pages\/184","targetHints":{"allow":["GET"]}}],"collection":[{"href":"https:\/\/carmen-jane.es\/web\/wp-json\/wp\/v2\/pages"}],"about":[{"href":"https:\/\/carmen-jane.es\/web\/wp-json\/wp\/v2\/types\/page"}],"author":[{"embeddable":true,"href":"https:\/\/carmen-jane.es\/web\/wp-json\/wp\/v2\/users\/1"}],"replies":[{"embeddable":true,"href":"https:\/\/carmen-jane.es\/web\/wp-json\/wp\/v2\/comments?post=184"}],"version-history":[{"count":2,"href":"https:\/\/carmen-jane.es\/web\/wp-json\/wp\/v2\/pages\/184\/revisions"}],"predecessor-version":[{"id":212,"href":"https:\/\/carmen-jane.es\/web\/wp-json\/wp\/v2\/pages\/184\/revisions\/212"}],"wp:attachment":[{"href":"https:\/\/carmen-jane.es\/web\/wp-json\/wp\/v2\/media?parent=184"}],"curies":[{"name":"wp","href":"https:\/\/api.w.org\/{rel}","templated":true}]}}