{"id":182,"date":"2020-07-18T16:58:51","date_gmt":"2020-07-18T16:58:51","guid":{"rendered":"https:\/\/carmen-jane.es\/web\/?page_id=182"},"modified":"2022-02-03T13:54:41","modified_gmt":"2022-02-03T13:54:41","slug":"aula-periodico-2","status":"publish","type":"page","link":"https:\/\/carmen-jane.es\/web\/aula-periodico-2\/","title":{"rendered":"Aula Peri\u00f3dico"},"content":{"rendered":"\n<figure class=\"wp-block-image size-large is-style-default\"><a href=\"https:\/\/carmen-jane.es\/aulaperiodico\/\"><img loading=\"lazy\" decoding=\"async\" width=\"1024\" height=\"395\" src=\"https:\/\/carmen-jane.es\/web\/wp-content\/uploads\/2020\/06\/Captura-de-pantalla-2020-06-25-a-las-13.46.32-1024x395.png\" alt=\"\" class=\"wp-image-107\" srcset=\"https:\/\/carmen-jane.es\/web\/wp-content\/uploads\/2020\/06\/Captura-de-pantalla-2020-06-25-a-las-13.46.32-1024x395.png 1024w, https:\/\/carmen-jane.es\/web\/wp-content\/uploads\/2020\/06\/Captura-de-pantalla-2020-06-25-a-las-13.46.32-300x116.png 300w, https:\/\/carmen-jane.es\/web\/wp-content\/uploads\/2020\/06\/Captura-de-pantalla-2020-06-25-a-las-13.46.32-768x296.png 768w, https:\/\/carmen-jane.es\/web\/wp-content\/uploads\/2020\/06\/Captura-de-pantalla-2020-06-25-a-las-13.46.32-1536x593.png 1536w, https:\/\/carmen-jane.es\/web\/wp-content\/uploads\/2020\/06\/Captura-de-pantalla-2020-06-25-a-las-13.46.32-2048x791.png 2048w, https:\/\/carmen-jane.es\/web\/wp-content\/uploads\/2020\/06\/Captura-de-pantalla-2020-06-25-a-las-13.46.32-907x350.png 907w\" sizes=\"auto, (max-width: 1024px) 100vw, 1024px\" \/><\/a><\/figure>\n\n\n\n<p><a href=\"https:\/\/carmen-jane.es\/aulaperiodico\/\">Au<\/a><a href=\"https:\/\/carmen-jane.es\/aulaperiodico\/\" target=\"_blank\" rel=\"noreferrer noopener\">la Peri\u00f3dico<\/a> es la plataforma donde desarrollo cursos online para formaci\u00f3n de periodistas. <\/p>\n\n\n\n<p>Es un proyecto experimental producto de mi posgrado en Direcci\u00f3n estrat\u00e9gica y gesti\u00f3n del elearning (Universitat Oberta de Catalunya, 2019). <\/p>\n\n\n\n<p>Tiene un curso publicado, Periodismo de \u00daltima Hora, destinado a formar a los becarios que se incorporan a la secci\u00f3n de \u00daltima Hora del diario. Se les explica qu\u00e9 es El Peri\u00f3dico, c\u00f3mo nos organizamos, c\u00f3mo seleccionamos las noticias, c\u00f3mo las verificamos, c\u00f3mo funciona el gestor CMS, qu\u00e9 es el SEO y c\u00f3mo usamos las redes sociales. Hay recursos externos e internos. <\/p>\n\n\n\n<p>El curso, cuya primera y hasta ahora \u00fanica edici\u00f3n, se puso a prueba en febrero del 2019 y fue un \u00e9xito entre las participantes. Lo planteamos como un &#8216;flipped learning&#8217;, con una sesi\u00f3n de trabajo en la redacci\u00f3n tras haberlo realizado. <\/p>\n\n\n\n<p>Nadie dijo que no lo hab\u00eda entendido y todas se pudieron poner a trabajar ya el primer d\u00eda.<\/p>\n\n\n\n<p><\/p>\n\n\n\n<p><\/p>\n","protected":false},"excerpt":{"rendered":"<p>Aula Peri\u00f3dico es la plataforma donde desarrollo cursos online para formaci\u00f3n de periodistas. Es un proyecto experimental producto de mi posgrado en Direcci\u00f3n estrat\u00e9gica y gesti\u00f3n del elearning (Universitat Oberta de Catalunya, 2019). Tiene un curso publicado, Periodismo de \u00daltima Hora, destinado a formar a los becarios que se incorporan &hellip;<\/p>\n","protected":false},"author":1,"featured_media":0,"parent":0,"menu_order":0,"comment_status":"closed","ping_status":"closed","template":"","meta":{"footnotes":""},"class_list":["post-182","page","type-page","status-publish","hentry"],"yoast_head":"<!-- This site is optimized with the Yoast SEO plugin v24.1 - https:\/\/yoast.com\/wordpress\/plugins\/seo\/ -->\n<title>Aula Peri\u00f3dico - Carmen Jan\u00e9<\/title>\n<meta name=\"robots\" content=\"index, follow, max-snippet:-1, max-image-preview:large, max-video-preview:-1\" \/>\n<link rel=\"canonical\" href=\"https:\/\/carmen-jane.es\/web\/aula-periodico-2\/\" \/>\n<meta property=\"og:locale\" content=\"es_ES\" \/>\n<meta property=\"og:type\" content=\"article\" \/>\n<meta property=\"og:title\" content=\"Aula Peri\u00f3dico - Carmen Jan\u00e9\" \/>\n<meta property=\"og:description\" content=\"Aula Peri\u00f3dico es la plataforma donde desarrollo cursos online para formaci\u00f3n de periodistas. Es un proyecto experimental producto de mi posgrado en Direcci\u00f3n estrat\u00e9gica y gesti\u00f3n del elearning (Universitat Oberta de Catalunya, 2019). Tiene un curso publicado, Periodismo de \u00daltima Hora, destinado a formar a los becarios que se incorporan &hellip;\" \/>\n<meta property=\"og:url\" content=\"https:\/\/carmen-jane.es\/web\/aula-periodico-2\/\" \/>\n<meta property=\"og:site_name\" content=\"Carmen Jan\u00e9\" \/>\n<meta property=\"article:modified_time\" content=\"2022-02-03T13:54:41+00:00\" \/>\n<meta property=\"og:image\" content=\"https:\/\/carmen-jane.es\/web\/wp-content\/uploads\/2020\/06\/Captura-de-pantalla-2020-06-25-a-las-13.46.32-1024x395.png\" \/>\n<meta name=\"twitter:card\" content=\"summary_large_image\" \/>\n<meta name=\"twitter:label1\" content=\"Tiempo de lectura\" \/>\n\t<meta name=\"twitter:data1\" content=\"1 minuto\" \/>\n<script type=\"application\/ld+json\" class=\"yoast-schema-graph\">{\"@context\":\"https:\/\/schema.org\",\"@graph\":[{\"@type\":\"WebPage\",\"@id\":\"https:\/\/carmen-jane.es\/web\/aula-periodico-2\/\",\"url\":\"https:\/\/carmen-jane.es\/web\/aula-periodico-2\/\",\"name\":\"Aula Peri\u00f3dico - Carmen Jan\u00e9\",\"isPartOf\":{\"@id\":\"https:\/\/carmen-jane.es\/web\/#website\"},\"primaryImageOfPage\":{\"@id\":\"https:\/\/carmen-jane.es\/web\/aula-periodico-2\/#primaryimage\"},\"image\":{\"@id\":\"https:\/\/carmen-jane.es\/web\/aula-periodico-2\/#primaryimage\"},\"thumbnailUrl\":\"https:\/\/carmen-jane.es\/web\/wp-content\/uploads\/2020\/06\/Captura-de-pantalla-2020-06-25-a-las-13.46.32-1024x395.png\",\"datePublished\":\"2020-07-18T16:58:51+00:00\",\"dateModified\":\"2022-02-03T13:54:41+00:00\",\"breadcrumb\":{\"@id\":\"https:\/\/carmen-jane.es\/web\/aula-periodico-2\/#breadcrumb\"},\"inLanguage\":\"es\",\"potentialAction\":[{\"@type\":\"ReadAction\",\"target\":[\"https:\/\/carmen-jane.es\/web\/aula-periodico-2\/\"]}]},{\"@type\":\"ImageObject\",\"inLanguage\":\"es\",\"@id\":\"https:\/\/carmen-jane.es\/web\/aula-periodico-2\/#primaryimage\",\"url\":\"https:\/\/carmen-jane.es\/web\/wp-content\/uploads\/2020\/06\/Captura-de-pantalla-2020-06-25-a-las-13.46.32.png\",\"contentUrl\":\"https:\/\/carmen-jane.es\/web\/wp-content\/uploads\/2020\/06\/Captura-de-pantalla-2020-06-25-a-las-13.46.32.png\",\"width\":2772,\"height\":1070},{\"@type\":\"BreadcrumbList\",\"@id\":\"https:\/\/carmen-jane.es\/web\/aula-periodico-2\/#breadcrumb\",\"itemListElement\":[{\"@type\":\"ListItem\",\"position\":1,\"name\":\"Portada\",\"item\":\"https:\/\/carmen-jane.es\/web\/\"},{\"@type\":\"ListItem\",\"position\":2,\"name\":\"Aula Peri\u00f3dico\"}]},{\"@type\":\"WebSite\",\"@id\":\"https:\/\/carmen-jane.es\/web\/#website\",\"url\":\"https:\/\/carmen-jane.es\/web\/\",\"name\":\"Carmen Jan\u00e9\",\"description\":\"Periodismo, comunicaci\u00f3n y e-learning\",\"potentialAction\":[{\"@type\":\"SearchAction\",\"target\":{\"@type\":\"EntryPoint\",\"urlTemplate\":\"https:\/\/carmen-jane.es\/web\/?s={search_term_string}\"},\"query-input\":{\"@type\":\"PropertyValueSpecification\",\"valueRequired\":true,\"valueName\":\"search_term_string\"}}],\"inLanguage\":\"es\"}]}<\/script>\n<!-- \/ Yoast SEO plugin. -->","yoast_head_json":{"title":"Aula Peri\u00f3dico - Carmen Jan\u00e9","robots":{"index":"index","follow":"follow","max-snippet":"max-snippet:-1","max-image-preview":"max-image-preview:large","max-video-preview":"max-video-preview:-1"},"canonical":"https:\/\/carmen-jane.es\/web\/aula-periodico-2\/","og_locale":"es_ES","og_type":"article","og_title":"Aula Peri\u00f3dico - Carmen Jan\u00e9","og_description":"Aula Peri\u00f3dico es la plataforma donde desarrollo cursos online para formaci\u00f3n de periodistas. Es un proyecto experimental producto de mi posgrado en Direcci\u00f3n estrat\u00e9gica y gesti\u00f3n del elearning (Universitat Oberta de Catalunya, 2019). Tiene un curso publicado, Periodismo de \u00daltima Hora, destinado a formar a los becarios que se incorporan &hellip;","og_url":"https:\/\/carmen-jane.es\/web\/aula-periodico-2\/","og_site_name":"Carmen Jan\u00e9","article_modified_time":"2022-02-03T13:54:41+00:00","og_image":[{"url":"https:\/\/carmen-jane.es\/web\/wp-content\/uploads\/2020\/06\/Captura-de-pantalla-2020-06-25-a-las-13.46.32-1024x395.png","type":"","width":"","height":""}],"twitter_card":"summary_large_image","twitter_misc":{"Tiempo de lectura":"1 minuto"},"schema":{"@context":"https:\/\/schema.org","@graph":[{"@type":"WebPage","@id":"https:\/\/carmen-jane.es\/web\/aula-periodico-2\/","url":"https:\/\/carmen-jane.es\/web\/aula-periodico-2\/","name":"Aula Peri\u00f3dico - Carmen Jan\u00e9","isPartOf":{"@id":"https:\/\/carmen-jane.es\/web\/#website"},"primaryImageOfPage":{"@id":"https:\/\/carmen-jane.es\/web\/aula-periodico-2\/#primaryimage"},"image":{"@id":"https:\/\/carmen-jane.es\/web\/aula-periodico-2\/#primaryimage"},"thumbnailUrl":"https:\/\/carmen-jane.es\/web\/wp-content\/uploads\/2020\/06\/Captura-de-pantalla-2020-06-25-a-las-13.46.32-1024x395.png","datePublished":"2020-07-18T16:58:51+00:00","dateModified":"2022-02-03T13:54:41+00:00","breadcrumb":{"@id":"https:\/\/carmen-jane.es\/web\/aula-periodico-2\/#breadcrumb"},"inLanguage":"es","potentialAction":[{"@type":"ReadAction","target":["https:\/\/carmen-jane.es\/web\/aula-periodico-2\/"]}]},{"@type":"ImageObject","inLanguage":"es","@id":"https:\/\/carmen-jane.es\/web\/aula-periodico-2\/#primaryimage","url":"https:\/\/carmen-jane.es\/web\/wp-content\/uploads\/2020\/06\/Captura-de-pantalla-2020-06-25-a-las-13.46.32.png","contentUrl":"https:\/\/carmen-jane.es\/web\/wp-content\/uploads\/2020\/06\/Captura-de-pantalla-2020-06-25-a-las-13.46.32.png","width":2772,"height":1070},{"@type":"BreadcrumbList","@id":"https:\/\/carmen-jane.es\/web\/aula-periodico-2\/#breadcrumb","itemListElement":[{"@type":"ListItem","position":1,"name":"Portada","item":"https:\/\/carmen-jane.es\/web\/"},{"@type":"ListItem","position":2,"name":"Aula Peri\u00f3dico"}]},{"@type":"WebSite","@id":"https:\/\/carmen-jane.es\/web\/#website","url":"https:\/\/carmen-jane.es\/web\/","name":"Carmen Jan\u00e9","description":"Periodismo, comunicaci\u00f3n y e-learning","potentialAction":[{"@type":"SearchAction","target":{"@type":"EntryPoint","urlTemplate":"https:\/\/carmen-jane.es\/web\/?s={search_term_string}"},"query-input":{"@type":"PropertyValueSpecification","valueRequired":true,"valueName":"search_term_string"}}],"inLanguage":"es"}]}},"jetpack_sharing_enabled":true,"_links":{"self":[{"href":"https:\/\/carmen-jane.es\/web\/wp-json\/wp\/v2\/pages\/182","targetHints":{"allow":["GET"]}}],"collection":[{"href":"https:\/\/carmen-jane.es\/web\/wp-json\/wp\/v2\/pages"}],"about":[{"href":"https:\/\/carmen-jane.es\/web\/wp-json\/wp\/v2\/types\/page"}],"author":[{"embeddable":true,"href":"https:\/\/carmen-jane.es\/web\/wp-json\/wp\/v2\/users\/1"}],"replies":[{"embeddable":true,"href":"https:\/\/carmen-jane.es\/web\/wp-json\/wp\/v2\/comments?post=182"}],"version-history":[{"count":1,"href":"https:\/\/carmen-jane.es\/web\/wp-json\/wp\/v2\/pages\/182\/revisions"}],"predecessor-version":[{"id":183,"href":"https:\/\/carmen-jane.es\/web\/wp-json\/wp\/v2\/pages\/182\/revisions\/183"}],"wp:attachment":[{"href":"https:\/\/carmen-jane.es\/web\/wp-json\/wp\/v2\/media?parent=182"}],"curies":[{"name":"wp","href":"https:\/\/api.w.org\/{rel}","templated":true}]}}